{"id":15,"date":"2025-04-02T02:53:57","date_gmt":"2025-04-02T02:53:57","guid":{"rendered":"https:\/\/sienna-chinchilla-134401.hostingersite.com\/?page_id=15"},"modified":"2025-06-04T14:07:30","modified_gmt":"2025-06-04T14:07:30","slug":"terms-of-service","status":"publish","type":"page","link":"https:\/\/legakte.be\/nl\/terms-of-service\/","title":{"rendered":"Terms of service"},"content":{"rendered":"<div data-elementor-type=\"wp-page\" data-elementor-id=\"15\" class=\"elementor elementor-15\" data-elementor-post-type=\"page\">\n\t\t\t\t<div class=\"elementor-element elementor-element-c4cab52 e-flex e-con-boxed e-con e-parent\" data-id=\"c4cab52\" data-element_type=\"container\">\n\t\t\t\t\t<div class=\"e-con-inner\">\n\t\t\t\t<div class=\"elementor-element elementor-element-15815d9 elementor-widget__width-initial elementor-widget elementor-widget-heading\" data-id=\"15815d9\" data-element_type=\"widget\" data-widget_type=\"heading.default\">\n\t\t\t\t<div class=\"elementor-widget-container\">\n\t\t\t\t\t<h2 class=\"elementor-heading-title elementor-size-default\">Termen En Voorwaarden<\/h2>\t\t\t\t<\/div>\n\t\t\t\t<\/div>\n\t\t\t\t<div class=\"elementor-element elementor-element-1855b89 elementor-widget__width-initial elementor-widget elementor-widget-text-editor\" data-id=\"1855b89\" data-element_type=\"widget\" data-widget_type=\"text-editor.default\">\n\t\t\t\t<div class=\"elementor-widget-container\">\n\t\t\t\t\t\t\t\t\t<p data-start=\"343\" data-end=\"397\"><strong data-start=\"343\" data-end=\"358\">LEGAKTE SRL<\/strong><br data-start=\"358\" data-end=\"361\" \/>Laatste update : 04\/06\/2025<\/p><hr data-start=\"399\" data-end=\"402\" \/><h2 data-start=\"404\" data-end=\"437\"><strong data-start=\"407\" data-end=\"437\">1. Service overzicht<\/strong><\/h2><p data-start=\"439\" data-end=\"742\">De site <strong data-start=\"447\" data-end=\"465\"><a class=\"\" href=\"https:\/\/legakte.be\/nl\/\" target=\"_new\" rel=\"noopener\" data-start=\"449\" data-end=\"463\">www.legakte.be<\/a><\/strong> gepubliceerd door <strong data-start=\"480\" data-end=\"495\">LEGAKTE SRL<\/strong>een vennootschap met beperkte aansprakelijkheid, waarvan het hoofdkantoor is gevestigd <strong data-start=\"561\" data-end=\"627\">Laan van het Eiland 10\/34, 1170 Watermaal-Bosvoorde (Belgi\u00eb)<\/strong>ingeschreven bij de kbo onder nummer <strong data-start=\"662\" data-end=\"678\">1022.158.878<\/strong>.<br data-start=\"679\" data-end=\"682\" \/>\ud83d\udce7 Contact opnemen met : <a class=\"cursor-pointer\" rel=\"noopener\" data-start=\"695\" data-end=\"742\">contact@legakte.be<\/a><\/p><p data-start=\"744\" data-end=\"1027\">LEGAKTE biedt professionals raad (boekhoudkundige, belasting -, vertrouwens -...) een online platform waarmee je voor te bereiden, te beheren en te automatiseren <strong data-start=\"903\" data-end=\"925\">wettelijke formaliteiten<\/strong> voor bedrijven (overdracht van de zitting, de wijziging van de manager, de verkoop van eenheden, publicaties, enz.).<\/p><hr data-start=\"1029\" data-end=\"1032\" \/><h2 data-start=\"1034\" data-end=\"1070\"><strong data-start=\"1037\" data-end=\"1070\">2. Aanvaarding van de voorwaarden<\/strong><\/h2><p data-start=\"1072\" data-end=\"1285\">Het gebruik van het platform LEGAKTE impliceert de volledige aanvaarding van deze Algemene Voorwaarden. Deze kan op elk moment worden gewijzigd ; de gebruiker op de hoogte gesteld van eventuele updates.<\/p><hr data-start=\"1287\" data-end=\"1290\" \/><h2 data-start=\"1292\" data-end=\"1318\"><strong data-start=\"1295\" data-end=\"1318\">3. De toegang tot de dienst<\/strong><\/h2><p data-start=\"1320\" data-end=\"1535\">De service is toegankelijk via een professionele gebruikersaccount. De registratie is voorbehouden voor personen die meerderjarig zijn met de juridische capaciteit, en de vertegenwoordiger van een bedrijf of een gereglementeerd beroep.<\/p><p data-start=\"1537\" data-end=\"1698\">LEGAKTE behoudt zich het recht voor te weigeren of op te schorten toegang aan een gebruiker het niet-naleven van de voorwaarden van het gebruik of de informatie is onjuist.<\/p><hr data-start=\"1700\" data-end=\"1703\" \/><h2 data-start=\"1705\" data-end=\"1740\"><strong data-start=\"1708\" data-end=\"1740\">4. De werking van de dienst<\/strong><\/h2><p data-start=\"1742\" data-end=\"1774\">Het platform maakt het mogelijk :<\/p><ul data-start=\"1776\" data-end=\"2111\"><li data-start=\"1776\" data-end=\"1864\"><p data-start=\"1778\" data-end=\"1864\">Selecteer een pakket van juridische formaliteiten aangepast aan de structuur (BV, NV, ABSL...)<\/p><\/li><li data-start=\"1865\" data-end=\"1940\"><p data-start=\"1867\" data-end=\"1940\">Vul een vereenvoudigd formulier vooraf ingevuld via de zakelijke nummer<\/p><\/li><li data-start=\"1941\" data-end=\"2006\"><p data-start=\"1943\" data-end=\"2006\">Voor het genereren van een <strong data-start=\"1957\" data-end=\"2004\">volledig dossier klaar om te printen en te ondertekenen<\/strong><\/p><\/li><li data-start=\"2007\" data-end=\"2111\"><p data-start=\"2009\" data-end=\"2111\">Toegang tot duidelijke instructies voor de neerlegging en publicatie in het belgisch staatsblad, register, enz.)<\/p><\/li><\/ul><p data-start=\"2113\" data-end=\"2187\">De offici\u00eble repository (het register of anders) blijft de verantwoordelijkheid van de gebruiker.<\/p><hr data-start=\"2189\" data-end=\"2192\" \/><h2 data-start=\"2194\" data-end=\"2221\"><strong data-start=\"2197\" data-end=\"2221\">5. Tarieven en credits<\/strong><\/h2><p data-start=\"2223\" data-end=\"2498\">Het gebruik van LEGAKTE is gebaseerd op een systeem van <strong data-start=\"2273\" data-end=\"2282\">verpakkingen<\/strong> of <strong data-start=\"2289\" data-end=\"2309\">pre-paid credits<\/strong>voor die tarieven zijn beschikbaar na het aanmaken van een account.<br data-start=\"2369\" data-end=\"2372\" \/>De tarieven zijn niet begrepen de <strong data-start=\"2406\" data-end=\"2448\">de kosten van bekendmaking in het Belgisch staatsblad<\/strong>die worden apart in rekening gebracht wanneer dat nodig is.<\/p><p data-start=\"2500\" data-end=\"2614\">Geen restitutie zal worden verplicht van zodra de documenten worden gegenereerd, behalve in het geval van een fout wordt gemaakt doordat LEGAKTE.<\/p><hr data-start=\"2616\" data-end=\"2619\" \/><h2 data-start=\"2621\" data-end=\"2646\"><strong data-start=\"2624\" data-end=\"2646\">6. Verantwoordelijkheden<\/strong><\/h2><p data-start=\"2648\" data-end=\"2819\">LEGAKTE spant zich in om een dienst te verlenen in overeenstemming met de belgische regelgeving, maar vervangt niet het advies van een advocaat of een notaris.<\/p><p data-start=\"2821\" data-end=\"2967\">De gebruiker is als enige verantwoordelijk voor de juistheid van de gegevens, de ondertekening van de documenten die gegenereerd zijn en de definitieve storting van de formaliteiten.<\/p><p data-start=\"2969\" data-end=\"3121\">LEGAKTE kan niet verantwoordelijk worden gehouden voor de gevolgen van onjuist gebruik, een inzending van tijd of een nalaten van de gebruiker.<\/p><hr data-start=\"3123\" data-end=\"3126\" \/><h2 data-start=\"3128\" data-end=\"3162\"><strong data-start=\"3131\" data-end=\"3162\">7. Intellectuele eigendom<\/strong><\/h2><p data-start=\"3164\" data-end=\"3351\">Alle inhoud op het platform (teksten, gereedschappen, visuals, structuur) is het exclusieve eigendom van LEGAKTE SRL.<br data-start=\"3282\" data-end=\"3285\" \/>Elke reproductie of het gebruik zonder toestemming is verboden.<\/p><hr data-start=\"3353\" data-end=\"3356\" \/><h2 data-start=\"3358\" data-end=\"3388\"><strong data-start=\"3361\" data-end=\"3388\">8. Persoonlijke gegevens<\/strong><\/h2><p data-start=\"3390\" data-end=\"3629\">LEGAKTE verwerkt de gegevens van de gebruikers in overeenstemming met de RGPD. Voor meer informatie, bezoek onze <strong data-start=\"3510\" data-end=\"3542\">privacy beleid<\/strong> beschikbaar op <a class=\"\" href=\"https:\/\/legakte.be\/nl\/privacy-policy\/\" target=\"_new\" rel=\"noopener\" data-start=\"3558\" data-end=\"3628\">www.legakte.be\/privacy-policy<\/a>.<\/p><hr data-start=\"3631\" data-end=\"3634\" \/><h2 data-start=\"3636\" data-end=\"3678\"><strong data-start=\"3639\" data-end=\"3678\">9. Duur, Opschorting En Be\u00ebindiging<\/strong><\/h2><p data-start=\"3680\" data-end=\"3818\">De gebruikersaccount is actief totdat deze wordt be\u00ebindigd op initiatief van de cli\u00ebnt of LEGAKTE, in het geval van overtreding van deze voorwaarden.<\/p><p data-start=\"3820\" data-end=\"3928\">LEGAKTE tijdelijk de toegang tot de dienst voor onderhouds -, update-of veiligheidsredenen.<\/p><hr data-start=\"3930\" data-end=\"3933\" \/><h2 data-start=\"3935\" data-end=\"3987\"><strong data-start=\"3938\" data-end=\"3987\">10. Toepasselijk recht \u2013 bevoegde Rechter<\/strong><\/h2><p data-start=\"3989\" data-end=\"4200\">Deze algemene voorwaarden zijn onderworpen aan het <strong data-start=\"4031\" data-end=\"4046\">de belgische wetgeving<\/strong>.<br data-start=\"4047\" data-end=\"4050\" \/>Elk geschil met betrekking tot de interpretatie of de uitvoering van deze algemene voorwaarden zullen worden onderworpen aan de exclusieve bevoegdheid van de <strong data-start=\"4160\" data-end=\"4199\">de franstalige rechtbanken van Brussel<\/strong>.<\/p>\t\t\t\t\t\t\t\t<\/div>\n\t\t\t\t<\/div>\n\t\t\t\t\t<\/div>\n\t\t\t\t<\/div>\n\t\t\t\t<\/div>","protected":false},"excerpt":{"rendered":"<p>Conditions G\u00e9n\u00e9rales LEGAKTE SRLDerni\u00e8re mise \u00e0 jour : 04\/06\/2025 1. Pr\u00e9sentation du service Le site www.legakte.be est \u00e9dit\u00e9 par LEGAKTE [&hellip;]<\/p>","protected":false},"author":3,"featured_media":0,"parent":0,"menu_order":0,"comment_status":"closed","ping_status":"closed","template":"elementor_header_footer","meta":{"site-sidebar-layout":"no-sidebar","site-content-layout":"","ast-site-content-layout":"full-width-container","site-content-style":"default","site-sidebar-style":"default","ast-global-header-display":"","ast-banner-title-visibility":"","ast-main-header-display":"","ast-hfb-above-header-display":"","ast-hfb-below-header-display":"","ast-hfb-mobile-header-display":"","site-post-title":"disabled","ast-breadcrumbs-content":"","ast-featured-img":"disabled","footer-sml-layout":"","theme-transparent-header-meta":"default","adv-header-id-meta":"","stick-header-meta":"","header-above-stick-meta":"","header-main-stick-meta":"","header-below-stick-meta":"","astra-migrate-meta-layouts":"set","ast-page-background-enabled":"default","ast-page-background-meta":{"desktop":{"background-color":"var(--ast-global-color-5)","background-image":"","background-repeat":"repeat","background-position":"center center","background-size":"auto","background-attachment":"scroll","background-type":"","background-media":"","overlay-type":"","overlay-color":"","overlay-opacity":"","overlay-gradient":""},"tablet":{"background-color":"","background-image":"","background-repeat":"repeat","background-position":"center center","background-size":"auto","background-attachment":"scroll","background-type":"","background-media":"","overlay-type":"","overlay-color":"","overlay-opacity":"","overlay-gradient":""},"mobile":{"background-color":"","background-image":"","background-repeat":"repeat","background-position":"center center","background-size":"auto","background-attachment":"scroll","background-type":"","background-media":"","overlay-type":"","overlay-color":"","overlay-opacity":"","overlay-gradient":""}},"ast-content-background-meta":{"desktop":{"background-color":"var(--ast-global-color-4)","background-image":"","background-repeat":"repeat","background-position":"center center","background-size":"auto","background-attachment":"scroll","background-type":"","background-media":"","overlay-type":"","overlay-color":"","overlay-opacity":"","overlay-gradient":""},"tablet":{"background-color":"var(--ast-global-color-4)","background-image":"","background-repeat":"repeat","background-position":"center center","background-size":"auto","background-attachment":"scroll","background-type":"","background-media":"","overlay-type":"","overlay-color":"","overlay-opacity":"","overlay-gradient":""},"mobile":{"background-color":"var(--ast-global-color-4)","background-image":"","background-repeat":"repeat","background-position":"center center","background-size":"auto","background-attachment":"scroll","background-type":"","background-media":"","overlay-type":"","overlay-color":"","overlay-opacity":"","overlay-gradient":""}},"footnotes":""},"class_list":["post-15","page","type-page","status-publish","hentry"],"_links":{"self":[{"href":"https:\/\/legakte.be\/nl\/wp-json\/wp\/v2\/pages\/15","targetHints":{"allow":["GET"]}}],"collection":[{"href":"https:\/\/legakte.be\/nl\/wp-json\/wp\/v2\/pages"}],"about":[{"href":"https:\/\/legakte.be\/nl\/wp-json\/wp\/v2\/types\/page"}],"author":[{"embeddable":true,"href":"https:\/\/legakte.be\/nl\/wp-json\/wp\/v2\/users\/3"}],"replies":[{"embeddable":true,"href":"https:\/\/legakte.be\/nl\/wp-json\/wp\/v2\/comments?post=15"}],"version-history":[{"count":3,"href":"https:\/\/legakte.be\/nl\/wp-json\/wp\/v2\/pages\/15\/revisions"}],"predecessor-version":[{"id":2852,"href":"https:\/\/legakte.be\/nl\/wp-json\/wp\/v2\/pages\/15\/revisions\/2852"}],"wp:attachment":[{"href":"https:\/\/legakte.be\/nl\/wp-json\/wp\/v2\/media?parent=15"}],"curies":[{"name":"wp","href":"https:\/\/api.w.org\/{rel}","templated":true}]}}